{"id":112,"date":"2022-11-06T01:32:36","date_gmt":"2022-11-05T22:32:36","guid":{"rendered":"http:\/\/me-wood.com\/?post_type=product&#038;p=112"},"modified":"2023-03-10T13:57:39","modified_gmt":"2023-03-10T10:57:39","slug":"pallet-materials","status":"publish","type":"product","link":"https:\/\/me-wood.com\/it\/product\/pallet-materiali\/","title":{"rendered":"Materiali per pallet"},"content":{"rendered":"<p>Specifica: specie: pioppo tremulo, betulla, ontano, pino, abete rosso, dimensioni standard 16\u044575, 16\u044595, 16\u0445100, 22\u0445100, 75\u044575, 75\u044595, 75\u0445145mm, lunghezza: 2,4; 3.0; 4.8; 6,0 m, contenuto di umidit\u00e0: naturale; trasporto di contenuto di umidit\u00e0 inferiore a 18%; contenuto di umidit\u00e0 inferiore a 12%<\/p>","protected":false},"excerpt":{"rendered":"<p>Specifica: specie: pioppo tremulo, betulla, ontano, pino, abete rosso, dimensioni standard 16\u044575, 16\u044595, 16\u0445100, 22\u0445100, 75\u044575, 75\u044595, 75\u0445145mm, lunghezza: 2,4; 3.0; 4.8; 6,0 m, contenuto di umidit\u00e0: naturale; trasporto di contenuto di umidit\u00e0 inferiore a 18%; contenuto di umidit\u00e0 inferiore a 12%<\/p>","protected":false},"featured_media":637,"template":"","meta":[],"product_cat":[21,26],"product_tag":[],"class_list":["post-112","product","type-product","status-publish","has-post-thumbnail","hentry","product_cat-industrial-wood","product_cat-pallet-blanks"],"acf":[],"_links":{"self":[{"href":"https:\/\/me-wood.com\/it\/wp-json\/wp\/v2\/product\/112","targetHints":{"allow":["GET"]}}],"collection":[{"href":"https:\/\/me-wood.com\/it\/wp-json\/wp\/v2\/product"}],"about":[{"href":"https:\/\/me-wood.com\/it\/wp-json\/wp\/v2\/types\/product"}],"wp:featuredmedia":[{"embeddable":true,"href":"https:\/\/me-wood.com\/it\/wp-json\/wp\/v2\/media\/637"}],"wp:attachment":[{"href":"https:\/\/me-wood.com\/it\/wp-json\/wp\/v2\/media?parent=112"}],"wp:term":[{"taxonomy":"product_cat","embeddable":true,"href":"https:\/\/me-wood.com\/it\/wp-json\/wp\/v2\/product_cat?post=112"},{"taxonomy":"product_tag","embeddable":true,"href":"https:\/\/me-wood.com\/it\/wp-json\/wp\/v2\/product_tag?post=112"}],"curies":[{"name":"wp","href":"https:\/\/api.w.org\/{rel}","templated":true}]}}