{"id":97,"date":"2022-11-06T01:19:57","date_gmt":"2022-11-05T22:19:57","guid":{"rendered":"http:\/\/me-wood.com\/?post_type=product&#038;p=97"},"modified":"2024-08-30T12:01:12","modified_gmt":"2024-08-30T09:01:12","slug":"pallet-collars-600-x-800-x-195mm","status":"publish","type":"product","link":"https:\/\/me-wood.com\/fr\/product\/rehausses-de-palettes-600-x-800-x-195mm\/","title":{"rendered":"Rehausses palette 600 x 800 mm 1 planche"},"content":{"rendered":"<p>Rehausses de palette 600 x 800 x 195 mm, 1<sup>St<\/sup>\u00a0tarif qualit\u00e9, 1 planche, neuve<\/p>\n<p>Sp\u00e9cification : fabriqu\u00e9 en panneau massif, essence : \u00e9pic\u00e9a, pin, s\u00e9ch\u00e9 au four, trait\u00e9 thermiquement, selon la norme IPPC, charni\u00e8res galvanis\u00e9es 1,25\u0445200mm \u2013 4 pi\u00e8ces<\/p>\n<p>Paquet: 120 pi\u00e8ces\/108 pi\u00e8ces<\/p>","protected":false},"excerpt":{"rendered":"<p>Rehausses de palette 600 x 800 x 195 mm, qualit\u00e9 sup\u00e9rieure, 1 planche, neuves Sp\u00e9cifications : en planches pleines, essences : \u00e9pic\u00e9a, pin, s\u00e9ch\u00e9es au four, trait\u00e9es thermiquement, selon la norme IPPC, charni\u00e8res galvanis\u00e9es 1,25\u0445200 mm \u2013 4 pi\u00e8ces Emballage : 120 pi\u00e8ces \/ 108 pi\u00e8ces<\/p>","protected":false},"featured_media":675,"template":"","meta":[],"product_cat":[20,27],"product_tag":[],"class_list":["post-97","product","type-product","status-publish","has-post-thumbnail","hentry","product_cat-wooden-packaging","product_cat-pallet-collars"],"acf":[],"_links":{"self":[{"href":"https:\/\/me-wood.com\/fr\/wp-json\/wp\/v2\/product\/97","targetHints":{"allow":["GET"]}}],"collection":[{"href":"https:\/\/me-wood.com\/fr\/wp-json\/wp\/v2\/product"}],"about":[{"href":"https:\/\/me-wood.com\/fr\/wp-json\/wp\/v2\/types\/product"}],"wp:featuredmedia":[{"embeddable":true,"href":"https:\/\/me-wood.com\/fr\/wp-json\/wp\/v2\/media\/675"}],"wp:attachment":[{"href":"https:\/\/me-wood.com\/fr\/wp-json\/wp\/v2\/media?parent=97"}],"wp:term":[{"taxonomy":"product_cat","embeddable":true,"href":"https:\/\/me-wood.com\/fr\/wp-json\/wp\/v2\/product_cat?post=97"},{"taxonomy":"product_tag","embeddable":true,"href":"https:\/\/me-wood.com\/fr\/wp-json\/wp\/v2\/product_tag?post=97"}],"curies":[{"name":"wp","href":"https:\/\/api.w.org\/{rel}","templated":true}]}}