{"id":121,"date":"2022-11-06T01:42:21","date_gmt":"2022-11-05T22:42:21","guid":{"rendered":"http:\/\/me-wood.com\/?post_type=product&#038;p=121"},"modified":"2023-03-10T13:52:10","modified_gmt":"2023-03-10T10:52:10","slug":"wood-pellets-6mm","status":"publish","type":"product","link":"https:\/\/me-wood.com\/fr\/product\/pellets-de-bois-6mm\/","title":{"rendered":"Granul\u00e9s bois 6mm"},"content":{"rendered":"<p>Granul\u00e9s bois 6mm<\/p>\n<p>Sp\u00e9cification : essences : pin, \u00e9pic\u00e9a ; teneur en humidit\u00e9 des granul\u00e9s\u00a0: 8-10%\u00a0; sans cendres 0,5%, conditionnement : 64 sacs sur palette, poids du sac : 15 kg ; poids total : 960 kg\/palette ; pleine charge : 25 palettes\/24 tonnes<\/p>","protected":false},"excerpt":{"rendered":"<p>Granul\u00e9s de bois 6 mm Sp\u00e9cifications : essences : pin, \u00e9pic\u00e9a ; teneur en humidit\u00e9 des granul\u00e9s\u00a0: 8-10%\u00a0; cendres moins 0,5%, colis : 64 sacs sur palette, poids du sac : 15 kg ; poids total : 960 kg\/palette ; pleine charge : 25 palettes\/24 tonnes<\/p>","protected":false},"featured_media":592,"template":"","meta":[],"product_cat":[23,35],"product_tag":[],"class_list":["post-121","product","type-product","status-publish","has-post-thumbnail","hentry","product_cat-wood-fuel","product_cat-pellets-6mm"],"acf":[],"_links":{"self":[{"href":"https:\/\/me-wood.com\/fr\/wp-json\/wp\/v2\/product\/121","targetHints":{"allow":["GET"]}}],"collection":[{"href":"https:\/\/me-wood.com\/fr\/wp-json\/wp\/v2\/product"}],"about":[{"href":"https:\/\/me-wood.com\/fr\/wp-json\/wp\/v2\/types\/product"}],"wp:featuredmedia":[{"embeddable":true,"href":"https:\/\/me-wood.com\/fr\/wp-json\/wp\/v2\/media\/592"}],"wp:attachment":[{"href":"https:\/\/me-wood.com\/fr\/wp-json\/wp\/v2\/media?parent=121"}],"wp:term":[{"taxonomy":"product_cat","embeddable":true,"href":"https:\/\/me-wood.com\/fr\/wp-json\/wp\/v2\/product_cat?post=121"},{"taxonomy":"product_tag","embeddable":true,"href":"https:\/\/me-wood.com\/fr\/wp-json\/wp\/v2\/product_tag?post=121"}],"curies":[{"name":"wp","href":"https:\/\/api.w.org\/{rel}","templated":true}]}}