{"id":1116,"date":"2023-01-18T13:13:36","date_gmt":"2023-01-18T10:13:36","guid":{"rendered":"https:\/\/me-wood.com\/?post_type=product&#038;p=1116"},"modified":"2024-08-30T11:50:50","modified_gmt":"2024-08-30T08:50:50","slug":"used-wooden-pallet-collars-1200x800mm","status":"publish","type":"product","link":"https:\/\/me-wood.com\/fr\/product\/rehausses-de-palette-en-bois-occasiones-1200x800mm\/","title":{"rendered":"Rehausses Palettes Bois d&#039;occasion 1200x800mm"},"content":{"rendered":"<p>Les rehausses de palettes en bois d&#039;occasion 1200x800mm sont moins ch\u00e8res que les neuves et constituent une solution parfaite pour le transport et le stockage en toute s\u00e9curit\u00e9 des marchandises dans l&#039;entrep\u00f4t.<\/p>","protected":false},"excerpt":{"rendered":"<p>Les rehausses de palettes en bois d&#039;occasion 1200x800mm sont moins ch\u00e8res que les neuves et constituent une solution parfaite pour le transport et le stockage en toute s\u00e9curit\u00e9 des marchandises dans l&#039;entrep\u00f4t.<\/p>","protected":false},"featured_media":1117,"template":"","meta":[],"product_cat":[20,27],"product_tag":[],"class_list":["post-1116","product","type-product","status-publish","has-post-thumbnail","hentry","product_cat-wooden-packaging","product_cat-pallet-collars"],"acf":[],"_links":{"self":[{"href":"https:\/\/me-wood.com\/fr\/wp-json\/wp\/v2\/product\/1116","targetHints":{"allow":["GET"]}}],"collection":[{"href":"https:\/\/me-wood.com\/fr\/wp-json\/wp\/v2\/product"}],"about":[{"href":"https:\/\/me-wood.com\/fr\/wp-json\/wp\/v2\/types\/product"}],"wp:featuredmedia":[{"embeddable":true,"href":"https:\/\/me-wood.com\/fr\/wp-json\/wp\/v2\/media\/1117"}],"wp:attachment":[{"href":"https:\/\/me-wood.com\/fr\/wp-json\/wp\/v2\/media?parent=1116"}],"wp:term":[{"taxonomy":"product_cat","embeddable":true,"href":"https:\/\/me-wood.com\/fr\/wp-json\/wp\/v2\/product_cat?post=1116"},{"taxonomy":"product_tag","embeddable":true,"href":"https:\/\/me-wood.com\/fr\/wp-json\/wp\/v2\/product_tag?post=1116"}],"curies":[{"name":"wp","href":"https:\/\/api.w.org\/{rel}","templated":true}]}}