{"id":1068,"date":"2023-01-13T13:43:28","date_gmt":"2023-01-13T10:43:28","guid":{"rendered":"https:\/\/me-wood.com\/?post_type=product&#038;p=1068"},"modified":"2023-03-10T13:44:14","modified_gmt":"2023-03-10T10:44:14","slug":"wooden-pallet-for-garden-1200x800mm","status":"publish","type":"product","link":"https:\/\/me-wood.com\/fr\/product\/palette-en-bois-pour-jardin-1200x800mm\/","title":{"rendered":"Palette en Bois pour JARDIN 1200x800mm"},"content":{"rendered":"<p>Rehausses palettes 1200 x 800 x 195 mm versions 2 lames ou 1 lames, IPPC, rabot\u00e9es, humidit\u00e9 18%, 4 charni\u00e8res m\u00e9tal galvanis\u00e9 1,25, 1er choix, coloris naturel.<\/p>","protected":false},"excerpt":{"rendered":"<p>Rehausses palettes 1200 x 800 x 195 mm versions 2 lames ou 1 lames, IPPC, rabot\u00e9es, humidit\u00e9 18%, 4 charni\u00e8res m\u00e9tal galvanis\u00e9 1,25, 1er choix, coloris naturel.<\/p>","protected":false},"featured_media":1069,"template":"","meta":[],"product_cat":[20,51],"product_tag":[],"class_list":["post-1068","product","type-product","status-publish","has-post-thumbnail","hentry","product_cat-wooden-packaging","product_cat-garden-collars"],"acf":[],"_links":{"self":[{"href":"https:\/\/me-wood.com\/fr\/wp-json\/wp\/v2\/product\/1068","targetHints":{"allow":["GET"]}}],"collection":[{"href":"https:\/\/me-wood.com\/fr\/wp-json\/wp\/v2\/product"}],"about":[{"href":"https:\/\/me-wood.com\/fr\/wp-json\/wp\/v2\/types\/product"}],"wp:featuredmedia":[{"embeddable":true,"href":"https:\/\/me-wood.com\/fr\/wp-json\/wp\/v2\/media\/1069"}],"wp:attachment":[{"href":"https:\/\/me-wood.com\/fr\/wp-json\/wp\/v2\/media?parent=1068"}],"wp:term":[{"taxonomy":"product_cat","embeddable":true,"href":"https:\/\/me-wood.com\/fr\/wp-json\/wp\/v2\/product_cat?post=1068"},{"taxonomy":"product_tag","embeddable":true,"href":"https:\/\/me-wood.com\/fr\/wp-json\/wp\/v2\/product_tag?post=1068"}],"curies":[{"name":"wp","href":"https:\/\/api.w.org\/{rel}","templated":true}]}}