{"id":1064,"date":"2023-01-12T20:25:11","date_gmt":"2023-01-12T17:25:11","guid":{"rendered":"https:\/\/me-wood.com\/?post_type=product&#038;p=1064"},"modified":"2023-03-10T13:45:09","modified_gmt":"2023-03-10T10:45:09","slug":"pallet-collars-1200-x-800-x-195mm-6-hinges-2","status":"publish","type":"product","link":"https:\/\/me-wood.com\/fr\/product\/rehausses-de-palettes-1200-x-800-x-195mm-6-charnieres-2\/","title":{"rendered":"Rehausses palette 1200 x 800mm, 6 Charni\u00e8res"},"content":{"rendered":"<p>Rehausses de palette 1200 x 800 x 195 mm \u2013 6 Charni\u00e8res compos\u00e9es de deux planches, essences : \u00e9pic\u00e9a, pin, s\u00e9ch\u00e9es au four, trait\u00e9es thermiquement, selon la norme IPPC, charni\u00e8res galvanis\u00e9es 1,25\u0445200 mm \u2013 4 pcs et charni\u00e8res centrales 1,25\u0445200 mm \u2013 2 pcs <\/p>","protected":false},"excerpt":{"rendered":"<p>Rehausses de palette 1200 x 800 x 195 mm \u2013 6 Charni\u00e8res compos\u00e9es de deux planches, essences : \u00e9pic\u00e9a, pin, s\u00e9ch\u00e9es au four, trait\u00e9es thermiquement, selon la norme IPPC, charni\u00e8res galvanis\u00e9es 1,25\u0445200 mm \u2013 4 pcs et charni\u00e8res centrales 1,25\u0445200 mm \u2013 2 pcs<\/p>","protected":false},"featured_media":1065,"template":"","meta":[],"product_cat":[20,27],"product_tag":[],"class_list":["post-1064","product","type-product","status-publish","has-post-thumbnail","hentry","product_cat-wooden-packaging","product_cat-pallet-collars"],"acf":[],"_links":{"self":[{"href":"https:\/\/me-wood.com\/fr\/wp-json\/wp\/v2\/product\/1064","targetHints":{"allow":["GET"]}}],"collection":[{"href":"https:\/\/me-wood.com\/fr\/wp-json\/wp\/v2\/product"}],"about":[{"href":"https:\/\/me-wood.com\/fr\/wp-json\/wp\/v2\/types\/product"}],"wp:featuredmedia":[{"embeddable":true,"href":"https:\/\/me-wood.com\/fr\/wp-json\/wp\/v2\/media\/1065"}],"wp:attachment":[{"href":"https:\/\/me-wood.com\/fr\/wp-json\/wp\/v2\/media?parent=1064"}],"wp:term":[{"taxonomy":"product_cat","embeddable":true,"href":"https:\/\/me-wood.com\/fr\/wp-json\/wp\/v2\/product_cat?post=1064"},{"taxonomy":"product_tag","embeddable":true,"href":"https:\/\/me-wood.com\/fr\/wp-json\/wp\/v2\/product_tag?post=1064"}],"curies":[{"name":"wp","href":"https:\/\/api.w.org\/{rel}","templated":true}]}}