{"id":1055,"date":"2023-01-12T19:15:57","date_gmt":"2023-01-12T16:15:57","guid":{"rendered":"https:\/\/me-wood.com\/?post_type=product&#038;p=1055"},"modified":"2023-03-10T13:47:03","modified_gmt":"2023-03-10T10:47:03","slug":"pallet-collars-1200-x-1000-x-100mm","status":"publish","type":"product","link":"https:\/\/me-wood.com\/fr\/product\/rehausses-de-palettes-1200-x-1000-x-100mm\/","title":{"rendered":"Rehausses palettes 1200 x 800 x 100mm"},"content":{"rendered":"<p>Rehausses palettes 1200 x 800 x 100mm, qualit\u00e9 1er prix, 1 planche, neuves.<br \/>\nFait d&#039;une planche, essences: \u00e9pic\u00e9a, pin, s\u00e9ch\u00e9 au four, trait\u00e9 thermiquement, selon la norme IPPC, charni\u00e8res galvanis\u00e9es 1,25\u0445100mm - 4 pi\u00e8ces, les planches sont fix\u00e9es ensemble avec un joint en peigne.<\/p>\n<p>Paquet : 240 pi\u00e8ces<\/p>","protected":false},"excerpt":{"rendered":"<p>Rehausses de palettes 1200 x 800 x 100 mm, qualit\u00e9 1\u00e8re qualit\u00e9, 1 planche, neuves. Fabriqu\u00e9 \u00e0 partir d&#039;une seule planche, essences : \u00e9pic\u00e9a, pin, s\u00e9ch\u00e9 au four, trait\u00e9 thermiquement, selon la norme IPPC, charni\u00e8res galvanis\u00e9es 1,25\u0445100mm \u2013 4 pi\u00e8ces, les planches sont fix\u00e9es entre elles par un joint en peigne. Paquet : 240 pi\u00e8ces<\/p>","protected":false},"featured_media":1057,"template":"","meta":[],"product_cat":[20,27],"product_tag":[],"class_list":["post-1055","product","type-product","status-publish","has-post-thumbnail","hentry","product_cat-wooden-packaging","product_cat-pallet-collars"],"acf":[],"_links":{"self":[{"href":"https:\/\/me-wood.com\/fr\/wp-json\/wp\/v2\/product\/1055","targetHints":{"allow":["GET"]}}],"collection":[{"href":"https:\/\/me-wood.com\/fr\/wp-json\/wp\/v2\/product"}],"about":[{"href":"https:\/\/me-wood.com\/fr\/wp-json\/wp\/v2\/types\/product"}],"wp:featuredmedia":[{"embeddable":true,"href":"https:\/\/me-wood.com\/fr\/wp-json\/wp\/v2\/media\/1057"}],"wp:attachment":[{"href":"https:\/\/me-wood.com\/fr\/wp-json\/wp\/v2\/media?parent=1055"}],"wp:term":[{"taxonomy":"product_cat","embeddable":true,"href":"https:\/\/me-wood.com\/fr\/wp-json\/wp\/v2\/product_cat?post=1055"},{"taxonomy":"product_tag","embeddable":true,"href":"https:\/\/me-wood.com\/fr\/wp-json\/wp\/v2\/product_tag?post=1055"}],"curies":[{"name":"wp","href":"https:\/\/api.w.org\/{rel}","templated":true}]}}