{"id":1103,"date":"2023-01-17T15:01:12","date_gmt":"2023-01-17T12:01:12","guid":{"rendered":"https:\/\/me-wood.com\/?post_type=product&#038;p=1103"},"modified":"2023-03-10T13:41:42","modified_gmt":"2023-03-10T10:41:42","slug":"no-standard-pallet-collars","status":"publish","type":"product","link":"https:\/\/me-wood.com\/de\/product\/kein-standard-palettenaufsatz\/","title":{"rendered":"Nicht standardm\u00e4\u00dfige Aufsatzrahmen"},"content":{"rendered":"<p>Unsere Fabriken produzieren auch nicht standardm\u00e4\u00dfige Palettenaufsatzrahmen nach Kundenwunsch.<br \/>\nZum Beispiel die Abmessungen 1200x2400mm, 1200x2350mm, 1140x760mm und andere.<br \/>\nWenn Sie nicht standardm\u00e4\u00dfige Aufsatzrahmen ben\u00f6tigen, k\u00f6nnen Sie sich gerne mit einer Anfrage an uns wenden.<\/p>","protected":false},"excerpt":{"rendered":"<p>Unsere Fabriken produzieren auch nicht standardm\u00e4\u00dfige Palettenrahmen nach Kundenwunsch. Zum Beispiel die Abmessungen 1200 x 2400 mm, 1200 x 2350 mm, 1140 x 760 mm und andere. Wenn Sie nicht standardm\u00e4\u00dfige Palettenrahmen ben\u00f6tigen, k\u00f6nnen Sie uns gerne eine Anfrage senden.<\/p>","protected":false},"featured_media":1104,"template":"","meta":[],"product_cat":[20,29],"product_tag":[],"class_list":["post-1103","product","type-product","status-publish","has-post-thumbnail","hentry","product_cat-wooden-packaging","product_cat-crates"],"acf":[],"_links":{"self":[{"href":"https:\/\/me-wood.com\/de\/wp-json\/wp\/v2\/product\/1103","targetHints":{"allow":["GET"]}}],"collection":[{"href":"https:\/\/me-wood.com\/de\/wp-json\/wp\/v2\/product"}],"about":[{"href":"https:\/\/me-wood.com\/de\/wp-json\/wp\/v2\/types\/product"}],"wp:featuredmedia":[{"embeddable":true,"href":"https:\/\/me-wood.com\/de\/wp-json\/wp\/v2\/media\/1104"}],"wp:attachment":[{"href":"https:\/\/me-wood.com\/de\/wp-json\/wp\/v2\/media?parent=1103"}],"wp:term":[{"taxonomy":"product_cat","embeddable":true,"href":"https:\/\/me-wood.com\/de\/wp-json\/wp\/v2\/product_cat?post=1103"},{"taxonomy":"product_tag","embeddable":true,"href":"https:\/\/me-wood.com\/de\/wp-json\/wp\/v2\/product_tag?post=1103"}],"curies":[{"name":"wp","href":"https:\/\/api.w.org\/{rel}","templated":true}]}}