{"id":1026,"date":"2023-01-12T15:05:29","date_gmt":"2023-01-12T12:05:29","guid":{"rendered":"https:\/\/me-wood.com\/?post_type=product&#038;p=1026"},"modified":"2023-03-10T13:49:35","modified_gmt":"2023-03-10T10:49:35","slug":"divider-for-pallet-collar-1200x800mm-short-side","status":"publish","type":"product","link":"https:\/\/me-wood.com\/de\/product\/teiler-fuer-palettenaufsatz-1200x800mm-kurze-seite\/","title":{"rendered":"Teiler f\u00fcr Palettenaufsatzrahmen"},"content":{"rendered":"<p>Teiler f\u00fcr Palettenaufsatzrahmen 1200\u00d7800 mm \u2013 Kurze Seite erm\u00f6glicht es Ihnen, zwei F\u00e4cher entlang der kurzen Seite des Palettenaufsatzrahmens zu erstellen.<br \/>\nDer Trenner f\u00fcr Palettenaufsatzrahmen ist einfach zu installieren und mit dem Hakenverschluss zu sichern.<br \/>\nAbmessungen: 12x195x755mm, es gibt 3 Steckpl\u00e4tze zum Einbau zus\u00e4tzlicher Trennw\u00e4nde.<br \/>\nMaterial: Sperrholz<\/p>","protected":false},"excerpt":{"rendered":"<p>Mit dem Trennelement f\u00fcr Palettenaufsatzrahmen 1200\u00d7800 mm \u2013 Kurze Seite k\u00f6nnen Sie zwei F\u00e4cher entlang der kurzen Seite des Palettenaufsatzrahmens erstellen. Das Trennelement f\u00fcr Palettenaufsatzrahmen ist einfach zu installieren und mit dem Hakenverschluss zu sichern. Abmessungen: 12x195x755 mm, es gibt 3 Schlitze zum Installieren zus\u00e4tzlicher Trennw\u00e4nde. Material: Sperrholz<\/p>","protected":false},"featured_media":1027,"template":"","meta":[],"product_cat":[20,47],"product_tag":[],"class_list":["post-1026","product","type-product","status-publish","has-post-thumbnail","hentry","product_cat-wooden-packaging","product_cat-accessories"],"acf":[],"_links":{"self":[{"href":"https:\/\/me-wood.com\/de\/wp-json\/wp\/v2\/product\/1026","targetHints":{"allow":["GET"]}}],"collection":[{"href":"https:\/\/me-wood.com\/de\/wp-json\/wp\/v2\/product"}],"about":[{"href":"https:\/\/me-wood.com\/de\/wp-json\/wp\/v2\/types\/product"}],"wp:featuredmedia":[{"embeddable":true,"href":"https:\/\/me-wood.com\/de\/wp-json\/wp\/v2\/media\/1027"}],"wp:attachment":[{"href":"https:\/\/me-wood.com\/de\/wp-json\/wp\/v2\/media?parent=1026"}],"wp:term":[{"taxonomy":"product_cat","embeddable":true,"href":"https:\/\/me-wood.com\/de\/wp-json\/wp\/v2\/product_cat?post=1026"},{"taxonomy":"product_tag","embeddable":true,"href":"https:\/\/me-wood.com\/de\/wp-json\/wp\/v2\/product_tag?post=1026"}],"curies":[{"name":"wp","href":"https:\/\/api.w.org\/{rel}","templated":true}]}}