{"id":182,"date":"2022-11-24T18:49:51","date_gmt":"2022-11-24T15:49:51","guid":{"rendered":"http:\/\/me-wood.com\/?page_id=182"},"modified":"2023-01-24T18:10:12","modified_gmt":"2023-01-24T15:10:12","slug":"our-production","status":"publish","type":"page","link":"https:\/\/me-wood.com\/de\/unsere-produktion\/","title":{"rendered":"Unsere Produktion"},"content":{"rendered":"<p><strong>Wir produzieren:<\/strong><\/p>\n\n\n\n<p class=\"has-text-align-left has-x-large-font-size\"><strong>WEICHHOLZ UND HARTHOLZ SCHNITTHOLZ<\/strong><\/p>\n\n\n\n<hr class=\"wp-block-separator has-alpha-channel-opacity\"\/>\n\n\n\n<p><\/p>\n\n\n\n<div class=\"wp-block-media-text alignwide is-stacked-on-mobile is-vertically-aligned-center is-image-fill\" style=\"grid-template-columns:31% auto\"><figure class=\"wp-block-media-text__media\" style=\"background-image:url(http:\/\/me-wood.com\/wp-content\/uploads\/2023\/01\/boards-838x1024.jpg);background-position:50% 50%\"><img decoding=\"async\" width=\"838\" height=\"1024\" src=\"http:\/\/me-wood.com\/wp-content\/uploads\/2023\/01\/boards-838x1024.jpg\" alt=\"\" class=\"wp-image-1167 size-full\" srcset=\"https:\/\/me-wood.com\/wp-content\/uploads\/2023\/01\/boards-838x1024.jpg 838w, https:\/\/me-wood.com\/wp-content\/uploads\/2023\/01\/boards-245x300.jpg 245w, https:\/\/me-wood.com\/wp-content\/uploads\/2023\/01\/boards-123x150.jpg 123w, https:\/\/me-wood.com\/wp-content\/uploads\/2023\/01\/boards-768x939.jpg 768w, https:\/\/me-wood.com\/wp-content\/uploads\/2023\/01\/boards-1257x1536.jpg 1257w, https:\/\/me-wood.com\/wp-content\/uploads\/2023\/01\/boards-1676x2048.jpg 1676w, https:\/\/me-wood.com\/wp-content\/uploads\/2023\/01\/boards-10x12.jpg 10w, https:\/\/me-wood.com\/wp-content\/uploads\/2023\/01\/boards-300x367.jpg 300w, https:\/\/me-wood.com\/wp-content\/uploads\/2023\/01\/boards-600x733.jpg 600w\" sizes=\"(max-width: 838px) 100vw, 838px\" \/><\/figure><div class=\"wp-block-media-text__content\">\n<p class=\"has-text-align-left\">G\u00e4ngige Gr\u00f6\u00dfen: 19\u0445100 \/ 22\u0445100 \/ 25\u0445100 \/ 22\u0445200 \/ 50\u0445200 \/ 75\u044595 \/ 75\u044575mm, L\u00e4nge von 800mm bis 6000mm<\/p>\n<\/div><\/div>\n\n\n\n<p><\/p>\n\n\n\n<p class=\"has-text-align-right has-x-large-font-size\"><strong>TROCKNEN VON SCHNITTHOLZ<\/strong><\/p>\n\n\n\n<hr class=\"wp-block-separator has-alpha-channel-opacity\"\/>\n\n\n\n<div class=\"wp-block-media-text alignwide has-media-on-the-right is-stacked-on-mobile\" style=\"grid-template-columns:auto 32%\"><div class=\"wp-block-media-text__content\">\n<p class=\"has-text-align-right\">Die Trocknung erfolgt in \u00d6fen mit einem Volumen von 50 m3 unter automatischer Steuerung, wodurch ein gleichm\u00e4\u00dfiger Feuchtigkeitsgehalt im Holz bis zu 18%, 10% erreicht werden kann, und die W\u00e4rmebehandlung wird gem\u00e4\u00df den Anforderungen von ISPM 15 (IPPC) durchgef\u00fchrt.<\/p>\n\n\n\n<p class=\"has-text-align-right\">W\u00e4rmebehandlungszertifikate und Aufzeichnungen werden mit den Produkten geliefert.<\/p>\n<\/div><figure class=\"wp-block-media-text__media\"><img decoding=\"async\" width=\"250\" height=\"354\" src=\"http:\/\/me-wood.com\/wp-content\/uploads\/2023\/01\/humidity_18-3.jpg\" alt=\"\" class=\"wp-image-1180 size-full\" srcset=\"https:\/\/me-wood.com\/wp-content\/uploads\/2023\/01\/humidity_18-3.jpg 250w, https:\/\/me-wood.com\/wp-content\/uploads\/2023\/01\/humidity_18-3-212x300.jpg 212w, https:\/\/me-wood.com\/wp-content\/uploads\/2023\/01\/humidity_18-3-106x150.jpg 106w, https:\/\/me-wood.com\/wp-content\/uploads\/2023\/01\/humidity_18-3-8x12.jpg 8w\" sizes=\"(max-width: 250px) 100vw, 250px\" \/><\/figure><\/div>\n\n\n\n<p><\/p>\n\n\n\n<p class=\"has-x-large-font-size\"><strong>PALETTENHALSB\u00c4NDER<\/strong><\/p>\n\n\n\n<hr class=\"wp-block-separator has-alpha-channel-opacity\"\/>\n\n\n\n<div class=\"wp-block-media-text alignwide is-stacked-on-mobile\"><figure class=\"wp-block-media-text__media\"><img decoding=\"async\" width=\"612\" height=\"816\" src=\"http:\/\/me-wood.com\/wp-content\/uploads\/2022\/12\/Aclass-2-1.jpg\" alt=\"\" class=\"wp-image-235 size-full\" srcset=\"https:\/\/me-wood.com\/wp-content\/uploads\/2022\/12\/Aclass-2-1.jpg 612w, https:\/\/me-wood.com\/wp-content\/uploads\/2022\/12\/Aclass-2-1-225x300.jpg 225w, https:\/\/me-wood.com\/wp-content\/uploads\/2022\/12\/Aclass-2-1-113x150.jpg 113w, https:\/\/me-wood.com\/wp-content\/uploads\/2022\/12\/Aclass-2-1-9x12.jpg 9w, https:\/\/me-wood.com\/wp-content\/uploads\/2022\/12\/Aclass-2-1-300x400.jpg 300w, https:\/\/me-wood.com\/wp-content\/uploads\/2022\/12\/Aclass-2-1-600x800.jpg 600w\" sizes=\"(max-width: 612px) 100vw, 612px\" \/><\/figure><div class=\"wp-block-media-text__content\">\n<p>Wir bieten Standardabmessungen von Aufsatzrahmen an \u2013 1200 x 800 x 200 mm, 600 x 800 x 200 mm<\/p>\n\n\n\n<p>Wir produzieren Palettenaufsatzrahmen aus einem Brett, aus zwei Brettern sowie Palettenaufsatzrahmen in allen nicht standardm\u00e4\u00dfigen Abmessungen.<\/p>\n\n\n\n<p>Hergestellt aus Nadelholz (Kiefer, Fichte) und Hartholz (Espe, Birke, Erle).<\/p>\n\n\n\n<p>Au\u00dferdem bieten wir an:<\/p>\n\n\n\n<ul class=\"wp-block-list\">\n<li>Aufbringung des Kundenlogos auf den Kragen<\/li>\n\n\n\n<li>Lackieren Sie die Halsb\u00e4nder in der gew\u00fcnschten Farbe<\/li>\n\n\n\n<li>Herstellung von Manschetten aus OSB-3-Material oder Sperrholz<\/li>\n\n\n\n<li>Griffherstellung \u2013 gefr\u00e4ste L\u00f6cher in den Seiten f\u00fcr eine bequemere Handhabung<\/li>\n<\/ul>\n\n\n\n<p>Wir produzieren auch:<\/p>\n\n\n\n<ul class=\"wp-block-list\">\n<li>Platten mit nicht standardm\u00e4\u00dfiger H\u00f6he: 100 mm\/300 mm\/400 mm<\/li>\n\n\n\n<li>Halsb\u00e4nder f\u00fcr Garten und Laden (DIY-Konzept)<\/li>\n\n\n\n<li>Aufs\u00e4tze f\u00fcr St\u00e4nde in Einkaufszentren<\/li>\n\n\n\n<li>Zusatzelemente: Trennw\u00e4nde\/ Kragenteiler\/ Kunststoffecken<\/li>\n\n\n\n<li>Deckel aus OSB-3-Material, Sperrholz oder Pappe<\/li>\n<\/ul>\n<\/div><\/div>\n\n\n\n<p class=\"has-text-align-right has-x-large-font-size\"><strong>HOLZBRIKETTS<\/strong><\/p>\n\n\n\n<hr class=\"wp-block-separator has-alpha-channel-opacity\"\/>\n\n\n\n<div class=\"wp-block-media-text alignwide has-media-on-the-right is-stacked-on-mobile\" style=\"grid-template-columns:auto 43%\"><div class=\"wp-block-media-text__content\">\n<p class=\"has-text-align-left has-medium-font-size\">Wir produzieren Holzbriketts aus Produktionsresten (Sp\u00e4ne, S\u00e4gemehl).<\/p>\n\n\n\n<p class=\"has-text-align-left\">Als Ergebnis der doppelten Kompression wird ein rechteckiges Brikett mit einem hohen Kompressionsverh\u00e4ltnis gebildet.<\/p>\n\n\n\n<p class=\"has-text-align-left\">Feuchtigkeitsgehalt des Briketts: 10-14%<\/p>\n\n\n\n<p class=\"has-text-align-left\">Standardverpackung: 12 Briketts in einer Plastikt\u00fcte; Taschengewicht: 10 kg (+-2%); Gesamtzahl der S\u00e4cke auf einer Palette: 96 St\u00fcck; Gesamtgewicht: 960 kg\/Palette; Volllast 25 Paletten.<\/p>\n<\/div><figure class=\"wp-block-media-text__media\"><img decoding=\"async\" width=\"1000\" height=\"757\" src=\"http:\/\/me-wood.com\/wp-content\/uploads\/2023\/01\/ruf_23.jpg\" alt=\"\" class=\"wp-image-1125 size-full\" srcset=\"https:\/\/me-wood.com\/wp-content\/uploads\/2023\/01\/ruf_23.jpg 1000w, https:\/\/me-wood.com\/wp-content\/uploads\/2023\/01\/ruf_23-300x227.jpg 300w, https:\/\/me-wood.com\/wp-content\/uploads\/2023\/01\/ruf_23-150x114.jpg 150w, https:\/\/me-wood.com\/wp-content\/uploads\/2023\/01\/ruf_23-768x581.jpg 768w, https:\/\/me-wood.com\/wp-content\/uploads\/2023\/01\/ruf_23-16x12.jpg 16w, https:\/\/me-wood.com\/wp-content\/uploads\/2023\/01\/ruf_23-600x454.jpg 600w\" sizes=\"(max-width: 1000px) 100vw, 1000px\" \/><\/figure><\/div>\n\n\n\n<p class=\"has-x-large-font-size\"><strong>BRENNHOLZ<\/strong><\/p>\n\n\n\n<hr class=\"wp-block-separator has-alpha-channel-opacity\"\/>\n\n\n\n<div class=\"wp-block-media-text alignwide is-stacked-on-mobile\"><figure class=\"wp-block-media-text__media\"><img decoding=\"async\" width=\"612\" height=\"816\" src=\"http:\/\/me-wood.com\/wp-content\/uploads\/2022\/12\/2017-09-12-14.56.41-1-e1669861033172.jpg\" alt=\"\" class=\"wp-image-262 size-full\" srcset=\"https:\/\/me-wood.com\/wp-content\/uploads\/2022\/12\/2017-09-12-14.56.41-1-e1669861033172.jpg 612w, https:\/\/me-wood.com\/wp-content\/uploads\/2022\/12\/2017-09-12-14.56.41-1-e1669861033172-225x300.jpg 225w, https:\/\/me-wood.com\/wp-content\/uploads\/2022\/12\/2017-09-12-14.56.41-1-e1669861033172-113x150.jpg 113w, https:\/\/me-wood.com\/wp-content\/uploads\/2022\/12\/2017-09-12-14.56.41-1-e1669861033172-9x12.jpg 9w, https:\/\/me-wood.com\/wp-content\/uploads\/2022\/12\/2017-09-12-14.56.41-1-e1669861033172-300x400.jpg 300w, https:\/\/me-wood.com\/wp-content\/uploads\/2022\/12\/2017-09-12-14.56.41-1-e1669861033172-600x800.jpg 600w\" sizes=\"(max-width: 612px) 100vw, 612px\" \/><\/figure><div class=\"wp-block-media-text__content\">\n<p>Wir produzieren Brennholz aus Erle, Birke in verschiedenen Verpackungen (Kisten, Netzs\u00e4cke, Kisten usw.)<\/p>\n\n\n\n<p>Brennholz wird aus Laubholz hergestellt: Erle, Birke, Laubholz MIX (Espe, Pappel, Rebe, Erle usw.).<\/p>\n\n\n\n<p>Beim Trocknen k\u00f6nnen zwei Methoden angewendet werden:<\/p>\n\n\n\n<p>Luftgetrocknet \u2013 nat\u00fcrlicher Feuchtigkeitsgehalt, Trocknung erfolgt im Freien, Trocknungszyklus dauert 2-6 Monate, Restfeuchte: 18-35%<\/p>\n\n\n\n<p>Ofengetrocknet \u2013 Brennholz wird in einem Ofen getrocknet, bis es den erforderlichen Feuchtigkeitsgehalt erreicht: 12-18%, Trocknungszyklus dauert 5-8 Tage<\/p>\n\n\n\n<p>M\u00f6gliche L\u00e4ngen: 24-25cm, 29-30cm, 40-50cm<\/p>\n\n\n\n<p>Wir bieten Standard-Brennholzprodukte mit einer L\u00e4nge von 24-25 cm an:<\/p>\n\n\n\n<ul class=\"wp-block-list\">\n<li>Brennholz MIX, Erle, Birke in Netzs\u00e4cken von 22L (Netzsackgr\u00f6\u00dfe 45\u044560cm), 72 S\u00e4cke auf einer Palette, volle Ladung 32 Paletten<\/li>\n\n\n\n<li>Brennholz MIX, Erle, Birke in Kisten 1m3 (Kistenabmessungen 1,15\u04450,8\u04451,10m), volle Ladung: 60,00m3, 60 Paletten<\/li>\n\n\n\n<li>Brennholz MIX, Erle, Birke in Kisten 1,8 m3 (Kistenabmessungen 1,15 x 0,8 x 2,10 m), volle Ladung: 57,60 m3, 32 Paletten<\/li>\n<\/ul>\n\n\n\n<p>Wir verpacken Brennholz auch in Verpackungen mit den vom Kunden gew\u00fcnschten Abmessungen<\/p>\n<\/div><\/div>\n\n\n\n<div style=\"height:18px\" aria-hidden=\"true\" class=\"wp-block-spacer\"><\/div>\n\n\n\n<p class=\"has-text-align-right has-x-large-font-size\"><strong>PALETTEN, KISTEN UND ANDERE ARTEN VON HOLZVERPACKUNGEN<\/strong><\/p>\n\n\n\n<hr class=\"wp-block-separator has-alpha-channel-opacity\"\/>\n\n\n\n<p class=\"has-text-align-center\">Wir produzieren Paletten in den Standardgr\u00f6\u00dfen 1200 x 800 mm, 600 x 800 mm sowie in nicht standardm\u00e4\u00dfigen Gr\u00f6\u00dfen, industriell.<\/p>\n\n\n\n<p class=\"has-text-align-center\">Sie m\u00fcssen nur eine Palettenspezifikation oder deren Standard senden \u2013 wir erstellen in k\u00fcrzester Zeit ein kommerzielles Angebot.<\/p>\n\n\n\n<p class=\"has-text-align-center\">Wir bieten auch die Herstellung von Holzkisten, Holzkisten, Deckeln, W\u00e4nden nach Kundenspezifikation an.<\/p>\n\n\n\n<div style=\"height:12px\" aria-hidden=\"true\" class=\"wp-block-spacer\"><\/div>\n\n\n\n<figure class=\"wp-block-gallery has-nested-images columns-3 is-cropped wp-block-gallery-1 is-layout-flex wp-block-gallery-is-layout-flex\">\n<figure class=\"wp-block-image size-full\"><img decoding=\"async\" width=\"768\" height=\"635\" data-id=\"1182\" src=\"http:\/\/me-wood.com\/wp-content\/uploads\/2023\/01\/special_pallet.jpg\" alt=\"\" class=\"wp-image-1182\" srcset=\"https:\/\/me-wood.com\/wp-content\/uploads\/2023\/01\/special_pallet.jpg 768w, https:\/\/me-wood.com\/wp-content\/uploads\/2023\/01\/special_pallet-300x248.jpg 300w, https:\/\/me-wood.com\/wp-content\/uploads\/2023\/01\/special_pallet-150x124.jpg 150w, https:\/\/me-wood.com\/wp-content\/uploads\/2023\/01\/special_pallet-15x12.jpg 15w, https:\/\/me-wood.com\/wp-content\/uploads\/2023\/01\/special_pallet-600x496.jpg 600w\" sizes=\"(max-width: 768px) 100vw, 768px\" \/><\/figure>\n\n\n\n<figure class=\"wp-block-image size-large\"><img decoding=\"async\" width=\"1024\" height=\"987\" data-id=\"1184\" src=\"http:\/\/me-wood.com\/wp-content\/uploads\/2023\/01\/nostandart2-1024x987.jpg\" alt=\"\" class=\"wp-image-1184\" srcset=\"https:\/\/me-wood.com\/wp-content\/uploads\/2023\/01\/nostandart2-1024x987.jpg 1024w, https:\/\/me-wood.com\/wp-content\/uploads\/2023\/01\/nostandart2-300x289.jpg 300w, https:\/\/me-wood.com\/wp-content\/uploads\/2023\/01\/nostandart2-150x145.jpg 150w, https:\/\/me-wood.com\/wp-content\/uploads\/2023\/01\/nostandart2-768x740.jpg 768w, https:\/\/me-wood.com\/wp-content\/uploads\/2023\/01\/nostandart2-12x12.jpg 12w, https:\/\/me-wood.com\/wp-content\/uploads\/2023\/01\/nostandart2-600x578.jpg 600w, https:\/\/me-wood.com\/wp-content\/uploads\/2023\/01\/nostandart2.jpg 1226w\" sizes=\"(max-width: 1024px) 100vw, 1024px\" \/><\/figure>\n\n\n\n<figure class=\"wp-block-image size-large\"><img decoding=\"async\" width=\"1024\" height=\"671\" data-id=\"1185\" src=\"http:\/\/me-wood.com\/wp-content\/uploads\/2023\/01\/nostandart3-1024x671.jpg\" alt=\"\" class=\"wp-image-1185\" srcset=\"https:\/\/me-wood.com\/wp-content\/uploads\/2023\/01\/nostandart3-1024x671.jpg 1024w, https:\/\/me-wood.com\/wp-content\/uploads\/2023\/01\/nostandart3-300x197.jpg 300w, https:\/\/me-wood.com\/wp-content\/uploads\/2023\/01\/nostandart3-150x98.jpg 150w, https:\/\/me-wood.com\/wp-content\/uploads\/2023\/01\/nostandart3-768x503.jpg 768w, https:\/\/me-wood.com\/wp-content\/uploads\/2023\/01\/nostandart3-18x12.jpg 18w, https:\/\/me-wood.com\/wp-content\/uploads\/2023\/01\/nostandart3-600x393.jpg 600w, https:\/\/me-wood.com\/wp-content\/uploads\/2023\/01\/nostandart3.jpg 1282w\" sizes=\"(max-width: 1024px) 100vw, 1024px\" \/><\/figure>\n<\/figure>\n\n\n\n<p class=\"has-text-align-left has-x-large-font-size\"><strong>BEARBEITUNGSPLATTEN UND PRODUKTE<\/strong><\/p>\n\n\n\n<hr class=\"wp-block-separator has-alpha-channel-opacity\"\/>\n\n\n\n<p class=\"has-text-align-center\">Wir produzieren Holzverkleidungen, kalibriertes Material, Abschlussbretter und andere Produkte auf Bestellung.<\/p>\n\n\n\n<p class=\"has-text-align-center\">Wir k\u00f6nnen die M\u00f6glichkeiten in Betracht ziehen, andere vom Kunden gew\u00fcnschte Produkte herzustellen.<\/p>\n\n\n\n<figure class=\"wp-block-gallery has-nested-images columns-default is-cropped wp-block-gallery-2 is-layout-flex wp-block-gallery-is-layout-flex\">\n<figure class=\"wp-block-image size-large\"><img decoding=\"async\" width=\"1024\" height=\"768\" data-id=\"1188\" src=\"http:\/\/me-wood.com\/wp-content\/uploads\/2023\/01\/finishing_boards-1024x768.jpg\" alt=\"\" class=\"wp-image-1188\" srcset=\"https:\/\/me-wood.com\/wp-content\/uploads\/2023\/01\/finishing_boards-1024x768.jpg 1024w, https:\/\/me-wood.com\/wp-content\/uploads\/2023\/01\/finishing_boards-300x225.jpg 300w, https:\/\/me-wood.com\/wp-content\/uploads\/2023\/01\/finishing_boards-150x113.jpg 150w, https:\/\/me-wood.com\/wp-content\/uploads\/2023\/01\/finishing_boards-768x576.jpg 768w, https:\/\/me-wood.com\/wp-content\/uploads\/2023\/01\/finishing_boards-1536x1152.jpg 1536w, https:\/\/me-wood.com\/wp-content\/uploads\/2023\/01\/finishing_boards-2048x1536.jpg 2048w, https:\/\/me-wood.com\/wp-content\/uploads\/2023\/01\/finishing_boards-16x12.jpg 16w, https:\/\/me-wood.com\/wp-content\/uploads\/2023\/01\/finishing_boards-600x450.jpg 600w\" sizes=\"(max-width: 1024px) 100vw, 1024px\" \/><\/figure>\n\n\n\n<figure class=\"wp-block-image size-large\"><img decoding=\"async\" width=\"1024\" height=\"543\" data-id=\"1190\" src=\"http:\/\/me-wood.com\/wp-content\/uploads\/2023\/01\/garden1-1024x543.jpg\" alt=\"\" class=\"wp-image-1190\" srcset=\"https:\/\/me-wood.com\/wp-content\/uploads\/2023\/01\/garden1-1024x543.jpg 1024w, https:\/\/me-wood.com\/wp-content\/uploads\/2023\/01\/garden1-300x159.jpg 300w, https:\/\/me-wood.com\/wp-content\/uploads\/2023\/01\/garden1-150x80.jpg 150w, https:\/\/me-wood.com\/wp-content\/uploads\/2023\/01\/garden1-768x408.jpg 768w, https:\/\/me-wood.com\/wp-content\/uploads\/2023\/01\/garden1-1536x815.jpg 1536w, https:\/\/me-wood.com\/wp-content\/uploads\/2023\/01\/garden1-2048x1087.jpg 2048w, https:\/\/me-wood.com\/wp-content\/uploads\/2023\/01\/garden1-18x10.jpg 18w, https:\/\/me-wood.com\/wp-content\/uploads\/2023\/01\/garden1-600x318.jpg 600w\" sizes=\"(max-width: 1024px) 100vw, 1024px\" \/><\/figure>\n\n\n\n<figure class=\"wp-block-image size-full\"><img decoding=\"async\" width=\"639\" height=\"778\" data-id=\"1193\" src=\"http:\/\/me-wood.com\/wp-content\/uploads\/2023\/01\/max.jpeg\" alt=\"\" class=\"wp-image-1193\" srcset=\"https:\/\/me-wood.com\/wp-content\/uploads\/2023\/01\/max.jpeg 639w, https:\/\/me-wood.com\/wp-content\/uploads\/2023\/01\/max-246x300.jpeg 246w, https:\/\/me-wood.com\/wp-content\/uploads\/2023\/01\/max-123x150.jpeg 123w, https:\/\/me-wood.com\/wp-content\/uploads\/2023\/01\/max-10x12.jpeg 10w, https:\/\/me-wood.com\/wp-content\/uploads\/2023\/01\/max-300x365.jpeg 300w, https:\/\/me-wood.com\/wp-content\/uploads\/2023\/01\/max-600x731.jpeg 600w\" sizes=\"(max-width: 639px) 100vw, 639px\" \/><\/figure>\n<\/figure>","protected":false},"excerpt":{"rendered":"<p>Wir produzieren: Weich- und Hartholz, Schnittholz. Die g\u00e4ngigsten Gr\u00f6\u00dfen: 19\u0445100 \/ 22\u0445100 \/ 25\u0445100 \/ 22\u0445200 \/ 50\u0445200 \/ 75\u044595 \/ 75\u044575 mm, L\u00e4nge von 800 mm bis 6000 mm. Trocknung des Schnittholzes. Das Trocknen erfolgt in Trockenkammern mit einem Volumen von 50 m3 unter automatischer Steuerung, wodurch ein gleichm\u00e4\u00dfiger Feuchtigkeitsgehalt des Holzes von bis zu [\u2026] erreicht wird.<\/p>","protected":false},"author":4,"featured_media":0,"parent":0,"menu_order":0,"comment_status":"closed","ping_status":"closed","template":"","meta":{"footnotes":""},"class_list":["post-182","page","type-page","status-publish","hentry"],"acf":[],"_links":{"self":[{"href":"https:\/\/me-wood.com\/de\/wp-json\/wp\/v2\/pages\/182","targetHints":{"allow":["GET"]}}],"collection":[{"href":"https:\/\/me-wood.com\/de\/wp-json\/wp\/v2\/pages"}],"about":[{"href":"https:\/\/me-wood.com\/de\/wp-json\/wp\/v2\/types\/page"}],"author":[{"embeddable":true,"href":"https:\/\/me-wood.com\/de\/wp-json\/wp\/v2\/users\/4"}],"replies":[{"embeddable":true,"href":"https:\/\/me-wood.com\/de\/wp-json\/wp\/v2\/comments?post=182"}],"version-history":[{"count":86,"href":"https:\/\/me-wood.com\/de\/wp-json\/wp\/v2\/pages\/182\/revisions"}],"predecessor-version":[{"id":1195,"href":"https:\/\/me-wood.com\/de\/wp-json\/wp\/v2\/pages\/182\/revisions\/1195"}],"wp:attachment":[{"href":"https:\/\/me-wood.com\/de\/wp-json\/wp\/v2\/media?parent=182"}],"curies":[{"name":"wp","href":"https:\/\/api.w.org\/{rel}","templated":true}]}}